{"id":1248,"date":"2022-12-02T01:29:21","date_gmt":"2022-12-02T01:29:21","guid":{"rendered":"https:\/\/politecnicomisiones.edu.ar\/paginainstitucional?page_id=1248"},"modified":"2023-10-03T10:21:11","modified_gmt":"2023-10-03T10:21:11","slug":"instalador-y-administrador-de-redes-informaticas","status":"publish","type":"page","link":"https:\/\/politecnicomisiones.edu.ar\/paginainstitucional\/instalador-y-administrador-de-redes-informaticas\/","title":{"rendered":"Instalador y Administrador de Redes Inform\u00e1ticas"},"content":{"rendered":"\t\t<div data-elementor-type=\"wp-page\" data-elementor-id=\"1248\" class=\"elementor elementor-1248\">\n\t\t\t\t\t\t<section class=\"elementor-section elementor-top-section elementor-element elementor-element-8ca22f0 elementor-section-height-min-height elementor-section-boxed elementor-section-height-default elementor-section-items-middle wpr-particle-no wpr-jarallax-no wpr-parallax-no wpr-sticky-section-no\" data-id=\"8ca22f0\" data-element_type=\"section\" data-settings=\"{&quot;background_background&quot;:&quot;classic&quot;,&quot;shape_divider_bottom&quot;:&quot;waves&quot;}\">\n\t\t\t\t\t<div class=\"elementor-shape elementor-shape-bottom\" aria-hidden=\"true\" data-negative=\"false\">\n\t\t\t<svg xmlns=\"http:\/\/www.w3.org\/2000\/svg\" viewBox=\"0 0 1000 100\" preserveAspectRatio=\"none\">\n\t<path class=\"elementor-shape-fill\" d=\"M421.9,6.5c22.6-2.5,51.5,0.4,75.5,5.3c23.6,4.9,70.9,23.5,100.5,35.7c75.8,32.2,133.7,44.5,192.6,49.7\n\tc23.6,2.1,48.7,3.5,103.4-2.5c54.7-6,106.2-25.6,106.2-25.6V0H0v30.3c0,0,72,32.6,158.4,30.5c39.2-0.7,92.8-6.7,134-22.4\n\tc21.2-8.1,52.2-18.2,79.7-24.2C399.3,7.9,411.6,7.5,421.9,6.5z\"\/>\n<\/svg>\t\t<\/div>\n\t\t\t\t\t<div class=\"elementor-container elementor-column-gap-default\">\n\t\t\t\t\t<div class=\"elementor-column elementor-col-100 elementor-top-column elementor-element elementor-element-0e86f08\" data-id=\"0e86f08\" data-element_type=\"column\">\n\t\t\t<div class=\"elementor-widget-wrap elementor-element-populated\">\n\t\t\t\t\t\t<div class=\"elementor-element elementor-element-bdf66cf elementor-widget elementor-widget-image\" data-id=\"bdf66cf\" data-element_type=\"widget\" data-widget_type=\"image.default\">\n\t\t\t\t<div class=\"elementor-widget-container\">\n\t\t\t\t\t\t\t\t\t\t\t\t\t\t\t<img fetchpriority=\"high\" decoding=\"async\" width=\"1280\" height=\"720\" src=\"https:\/\/politecnicomisiones.edu.ar\/paginainstitucional\/wp-content\/uploads\/2023\/10\/licenciatura-online-ingenieria-s.png\" class=\"attachment-full size-full wp-image-1596\" alt=\"\" srcset=\"https:\/\/politecnicomisiones.edu.ar\/paginainstitucional\/wp-content\/uploads\/2023\/10\/licenciatura-online-ingenieria-s.png 1280w, https:\/\/politecnicomisiones.edu.ar\/paginainstitucional\/wp-content\/uploads\/2023\/10\/licenciatura-online-ingenieria-s-300x169.png 300w, https:\/\/politecnicomisiones.edu.ar\/paginainstitucional\/wp-content\/uploads\/2023\/10\/licenciatura-online-ingenieria-s-1024x576.png 1024w, https:\/\/politecnicomisiones.edu.ar\/paginainstitucional\/wp-content\/uploads\/2023\/10\/licenciatura-online-ingenieria-s-768x432.png 768w\" sizes=\"(max-width: 1280px) 100vw, 1280px\" \/>\t\t\t\t\t\t\t\t\t\t\t\t\t\t\t<\/div>\n\t\t\t\t<\/div>\n\t\t\t\t\t<\/div>\n\t\t<\/div>\n\t\t\t\t\t<\/div>\n\t\t<\/section>\n\t\t\t\t<section class=\"elementor-section elementor-top-section elementor-element elementor-element-9b99c02 elementor-section-boxed elementor-section-height-default elementor-section-height-default wpr-particle-no wpr-jarallax-no wpr-parallax-no wpr-sticky-section-no\" data-id=\"9b99c02\" data-element_type=\"section\">\n\t\t\t\t\t\t<div class=\"elementor-container elementor-column-gap-default\">\n\t\t\t\t\t<div class=\"elementor-column elementor-col-100 elementor-top-column elementor-element elementor-element-8e13026\" data-id=\"8e13026\" data-element_type=\"column\">\n\t\t\t<div class=\"elementor-widget-wrap elementor-element-populated\">\n\t\t\t\t\t\t<div class=\"elementor-element elementor-element-593a630 elementor-widget elementor-widget-heading\" data-id=\"593a630\" data-element_type=\"widget\" data-widget_type=\"heading.default\">\n\t\t\t\t<div class=\"elementor-widget-container\">\n\t\t\t\t\t<h2 class=\"elementor-heading-title elementor-size-default\">Perfil del profesional<\/h2>\t\t\t\t<\/div>\n\t\t\t\t<\/div>\n\t\t\t\t\t<\/div>\n\t\t<\/div>\n\t\t\t\t\t<\/div>\n\t\t<\/section>\n\t\t\t\t<section class=\"elementor-section elementor-top-section elementor-element elementor-element-eb69c43 elementor-section-boxed elementor-section-height-default elementor-section-height-default wpr-particle-no wpr-jarallax-no wpr-parallax-no wpr-sticky-section-no\" data-id=\"eb69c43\" data-element_type=\"section\">\n\t\t\t\t\t\t<div class=\"elementor-container elementor-column-gap-default\">\n\t\t\t\t\t<div class=\"elementor-column elementor-col-100 elementor-top-column elementor-element elementor-element-b38fdef\" data-id=\"b38fdef\" data-element_type=\"column\">\n\t\t\t<div class=\"elementor-widget-wrap elementor-element-populated\">\n\t\t\t\t\t\t<div class=\"elementor-element elementor-element-e328189 elementor-widget elementor-widget-text-editor\" data-id=\"e328189\" data-element_type=\"widget\" data-widget_type=\"text-editor.default\">\n\t\t\t\t<div class=\"elementor-widget-container\">\n\t\t\t\t\t\t\t\t\t<p>El instalador y administrador de redes inform\u00e1ticas alude al con junto de actividades en las que el profesional puede demostrar, una vez que ha logrado su certificaci\u00f3n, los conocimientos adquiridos sobre su profesi\u00f3n.<\/p><p>Este perfil involucra un conjunto de competencias espec\u00edficas de instalaci\u00f3n, mantenimiento y administraci\u00f3n de redes de datos dentro del sector profesional de Inform\u00e1tica. Se articula en torno a n\u00facleos curriculares a partir de las demandas socio productivas del sector y de la realidad del medio industrial y de servicios.<\/p><p>Est\u00e1 capacitado para prestar servicios relacionados con el manejo de datos, accesibilidad e interconectividad en instalaciones domiciliarias y\/o comerciales. Est\u00e1 en condiciones de interpretar los requerimientos del usuario, relevar el sistema existente, verificar el funcionamiento de los equipos existentes para analizar las fallas y\/o modificaciones necesarias que respondan a las solicitudes del usuario.<br \/>Est\u00e1 capacitado para seleccionar los equipos, instalarlos y configurarlos dentro de la red, realizando el montaje correspondiente y verificando el funcionamiento correcto del sistema.<\/p><p>Este profesional tiene capacidad para gestionar en forma aut\u00f3noma un emprendimiento para\u00a0 la prestaci\u00f3n de servicios relacionados con la instalaci\u00f3n, el mantenimiento y la administraci\u00f3n de redes inform\u00e1ticas, sabiendo determinar en qu\u00e9 situaciones debe recurrir a los servicios de otros profesionales. Posee responsabilidad sobre su propio aprendizaje y trabajo, as\u00ed como del trabajo de otros eventualmente a su cargo.\u00a0<\/p><p>Funciones que ejerce el profesional:<\/p>\t\t\t\t\t\t\t\t<\/div>\n\t\t\t\t<\/div>\n\t\t\t\t<div class=\"elementor-element elementor-element-e27b0a8 elementor-list-item-link-full_width elementor-widget elementor-widget-icon-list\" data-id=\"e27b0a8\" data-element_type=\"widget\" data-widget_type=\"icon-list.default\">\n\t\t\t\t<div class=\"elementor-widget-container\">\n\t\t\t\t\t\t\t<ul class=\"elementor-icon-list-items\">\n\t\t\t\t\t\t\t<li class=\"elementor-icon-list-item\">\n\t\t\t\t\t\t\t\t\t\t\t<span class=\"elementor-icon-list-icon\">\n\t\t\t\t\t\t\t<i aria-hidden=\"true\" class=\"fas fa-angle-right\"><\/i>\t\t\t\t\t\t<\/span>\n\t\t\t\t\t\t\t\t\t\t<span class=\"elementor-icon-list-text\">Instalar y configurar equipos y software est\u00e1ndar en redes inform\u00e1ticas sobre pisos tecnol\u00f3gicos de empresas u organismos de servicios.<\/span>\n\t\t\t\t\t\t\t\t\t<\/li>\n\t\t\t\t\t\t\t\t<li class=\"elementor-icon-list-item\">\n\t\t\t\t\t\t\t\t\t\t\t<span class=\"elementor-icon-list-icon\">\n\t\t\t\t\t\t\t<i aria-hidden=\"true\" class=\"fas fa-angle-right\"><\/i>\t\t\t\t\t\t<\/span>\n\t\t\t\t\t\t\t\t\t\t<span class=\"elementor-icon-list-text\">Realizar diagn\u00f3sticos en componentes, equipos y software asociado en redes inform\u00e1ticas sobre pisos tecnol\u00f3gicos de empresas u organismos de servicios.<\/span>\n\t\t\t\t\t\t\t\t\t<\/li>\n\t\t\t\t\t\t\t\t<li class=\"elementor-icon-list-item\">\n\t\t\t\t\t\t\t\t\t\t\t<span class=\"elementor-icon-list-icon\">\n\t\t\t\t\t\t\t<i aria-hidden=\"true\" class=\"fas fa-angle-right\"><\/i>\t\t\t\t\t\t<\/span>\n\t\t\t\t\t\t\t\t\t\t<span class=\"elementor-icon-list-text\">Realizar los mantenimientos predictivo preventivo, funcional operativo y correctivo de componentes, equipos y software asociado en redes sobre pisos tecnol\u00f3gicos de empresas u organismos de servicios.<\/span>\n\t\t\t\t\t\t\t\t\t<\/li>\n\t\t\t\t\t\t\t\t<li class=\"elementor-icon-list-item\">\n\t\t\t\t\t\t\t\t\t\t\t<span class=\"elementor-icon-list-icon\">\n\t\t\t\t\t\t\t<i aria-hidden=\"true\" class=\"fas fa-angle-right\"><\/i>\t\t\t\t\t\t<\/span>\n\t\t\t\t\t\t\t\t\t\t<span class=\"elementor-icon-list-text\">Actualizar y controlar componentes, equipos y software en redes inform\u00e1ticas sobre pisos  tecnol\u00f3gicos de empresas u organismos de servicios optimizando su rendimiento.<\/span>\n\t\t\t\t\t\t\t\t\t<\/li>\n\t\t\t\t\t\t\t\t<li class=\"elementor-icon-list-item\">\n\t\t\t\t\t\t\t\t\t\t\t<span class=\"elementor-icon-list-icon\">\n\t\t\t\t\t\t\t<i aria-hidden=\"true\" class=\"fas fa-angle-right\"><\/i>\t\t\t\t\t\t<\/span>\n\t\t\t\t\t\t\t\t\t\t<span class=\"elementor-icon-list-text\">Asesorar sobre componentes, equipos y productos est\u00e1ndar para redes inform\u00e1ticas sobre pisos tecnol\u00f3gicos de empresas u organismos de servicios.<\/span>\n\t\t\t\t\t\t\t\t\t<\/li>\n\t\t\t\t\t\t\t\t<li class=\"elementor-icon-list-item\">\n\t\t\t\t\t\t\t\t\t\t\t<span class=\"elementor-icon-list-icon\">\n\t\t\t\t\t\t\t<i aria-hidden=\"true\" class=\"fas fa-angle-right\"><\/i>\t\t\t\t\t\t<\/span>\n\t\t\t\t\t\t\t\t\t\t<span class=\"elementor-icon-list-text\">Organizar y gestionar la prestaci\u00f3n de servicios profesionales.<\/span>\n\t\t\t\t\t\t\t\t\t<\/li>\n\t\t\t\t\t\t\t\t<li class=\"elementor-icon-list-item\">\n\t\t\t\t\t\t\t\t\t\t\t<span class=\"elementor-icon-list-icon\">\n\t\t\t\t\t\t\t<i aria-hidden=\"true\" class=\"fas fa-angle-right\"><\/i>\t\t\t\t\t\t<\/span>\n\t\t\t\t\t\t\t\t\t\t<span class=\"elementor-icon-list-text\">Gestionar los recursos de red verificando el funcionamiento eficiente de la misma procurando alcanzar los objetivos  de calidad de servicio.<\/span>\n\t\t\t\t\t\t\t\t\t<\/li>\n\t\t\t\t\t\t\t\t<li class=\"elementor-icon-list-item\">\n\t\t\t\t\t\t\t\t\t\t\t<span class=\"elementor-icon-list-icon\">\n\t\t\t\t\t\t\t<i aria-hidden=\"true\" class=\"fas fa-angle-right\"><\/i>\t\t\t\t\t\t<\/span>\n\t\t\t\t\t\t\t\t\t\t<span class=\"elementor-icon-list-text\">Mantener el control operacional de la red actualizando tanto el software como el hardware de la misma, como as\u00ed tambi\u00e9n la gesti\u00f3n de reportes y los protocolos de seguridad.<\/span>\n\t\t\t\t\t\t\t\t\t<\/li>\n\t\t\t\t\t\t<\/ul>\n\t\t\t\t\t\t<\/div>\n\t\t\t\t<\/div>\n\t\t\t\t\t<\/div>\n\t\t<\/div>\n\t\t\t\t\t<\/div>\n\t\t<\/section>\n\t\t\t\t<section class=\"elementor-section elementor-top-section elementor-element elementor-element-22f86d8 elementor-section-boxed elementor-section-height-default elementor-section-height-default wpr-particle-no wpr-jarallax-no wpr-parallax-no wpr-sticky-section-no\" data-id=\"22f86d8\" data-element_type=\"section\">\n\t\t\t\t\t\t<div class=\"elementor-container elementor-column-gap-default\">\n\t\t\t\t\t<div class=\"elementor-column elementor-col-100 elementor-top-column elementor-element elementor-element-244adcc\" data-id=\"244adcc\" data-element_type=\"column\">\n\t\t\t<div class=\"elementor-widget-wrap elementor-element-populated\">\n\t\t\t\t\t\t<div class=\"elementor-element elementor-element-65092d9 elementor-widget elementor-widget-heading\" data-id=\"65092d9\" data-element_type=\"widget\" data-widget_type=\"heading.default\">\n\t\t\t\t<div class=\"elementor-widget-container\">\n\t\t\t\t\t<h2 class=\"elementor-heading-title elementor-size-default\">M\u00f3dulos<\/h2>\t\t\t\t<\/div>\n\t\t\t\t<\/div>\n\t\t\t\t\t<\/div>\n\t\t<\/div>\n\t\t\t\t\t<\/div>\n\t\t<\/section>\n\t\t\t\t<section class=\"elementor-section elementor-top-section elementor-element elementor-element-baf0ba9 elementor-section-boxed elementor-section-height-default elementor-section-height-default wpr-particle-no wpr-jarallax-no wpr-parallax-no wpr-sticky-section-no\" data-id=\"baf0ba9\" data-element_type=\"section\">\n\t\t\t\t\t\t<div class=\"elementor-container elementor-column-gap-default\">\n\t\t\t\t\t<div class=\"elementor-column elementor-col-100 elementor-top-column elementor-element elementor-element-6c5defc\" data-id=\"6c5defc\" data-element_type=\"column\">\n\t\t\t<div class=\"elementor-widget-wrap elementor-element-populated\">\n\t\t\t\t\t\t<div class=\"elementor-element elementor-element-a43814c elementor-widget elementor-widget-text-editor\" data-id=\"a43814c\" data-element_type=\"widget\" data-widget_type=\"text-editor.default\">\n\t\t\t\t<div class=\"elementor-widget-container\">\n\t\t\t\t\t\t\t\t\t<p>Tipo de certificaci\u00f3n: <em><strong>Certificado de Formaci\u00f3n Profesional Inicial<\/strong><\/em><\/p><p>Total de horas del Trayecto Curricular: <em><strong>360<\/strong><strong>\u00a0Horas Reloj<\/strong><\/em>.<\/p>\t\t\t\t\t\t\t\t<\/div>\n\t\t\t\t<\/div>\n\t\t\t\t<section class=\"elementor-section elementor-inner-section elementor-element elementor-element-72a1024 elementor-section-boxed elementor-section-height-default elementor-section-height-default wpr-particle-no wpr-jarallax-no wpr-parallax-no wpr-sticky-section-no\" data-id=\"72a1024\" data-element_type=\"section\">\n\t\t\t\t\t\t<div class=\"elementor-container elementor-column-gap-default\">\n\t\t\t\t\t<div class=\"elementor-column elementor-col-100 elementor-inner-column elementor-element elementor-element-7452a12 elementor-invisible\" data-id=\"7452a12\" data-element_type=\"column\" data-settings=\"{&quot;animation&quot;:&quot;zoomIn&quot;,&quot;animation_delay&quot;:500}\">\n\t\t\t<div class=\"elementor-widget-wrap elementor-element-populated\">\n\t\t\t\t\t\t<div class=\"elementor-element elementor-element-3b337e8 elementor-icon-list--layout-traditional elementor-list-item-link-full_width elementor-invisible elementor-widget elementor-widget-icon-list\" data-id=\"3b337e8\" data-element_type=\"widget\" data-settings=\"{&quot;_animation&quot;:&quot;zoomIn&quot;}\" data-widget_type=\"icon-list.default\">\n\t\t\t\t<div class=\"elementor-widget-container\">\n\t\t\t\t\t\t\t<ul class=\"elementor-icon-list-items\">\n\t\t\t\t\t\t\t<li class=\"elementor-icon-list-item\">\n\t\t\t\t\t\t\t\t\t\t\t<span class=\"elementor-icon-list-icon\">\n\t\t\t\t\t\t\t<i aria-hidden=\"true\" class=\"fas fa-minus\"><\/i>\t\t\t\t\t\t<\/span>\n\t\t\t\t\t\t\t\t\t\t<span class=\"elementor-icon-list-text\">Organizaci\u00f3n del Computador (128hr)<\/span>\n\t\t\t\t\t\t\t\t\t<\/li>\n\t\t\t\t\t\t\t\t<li class=\"elementor-icon-list-item\">\n\t\t\t\t\t\t\t\t\t\t\t<span class=\"elementor-icon-list-icon\">\n\t\t\t\t\t\t\t<i aria-hidden=\"true\" class=\"fas fa-minus\"><\/i>\t\t\t\t\t\t<\/span>\n\t\t\t\t\t\t\t\t\t\t<span class=\"elementor-icon-list-text\">Tecnolog\u00eda de Redes (48hr)<\/span>\n\t\t\t\t\t\t\t\t\t<\/li>\n\t\t\t\t\t\t\t\t<li class=\"elementor-icon-list-item\">\n\t\t\t\t\t\t\t\t\t\t\t<span class=\"elementor-icon-list-icon\">\n\t\t\t\t\t\t\t<i aria-hidden=\"true\" class=\"fas fa-minus\"><\/i>\t\t\t\t\t\t<\/span>\n\t\t\t\t\t\t\t\t\t\t<span class=\"elementor-icon-list-text\">Relaciones Laborales y Orientaci\u00f3n Profresional (24hr)<\/span>\n\t\t\t\t\t\t\t\t\t<\/li>\n\t\t\t\t\t\t\t\t<li class=\"elementor-icon-list-item\">\n\t\t\t\t\t\t\t\t\t\t\t<span class=\"elementor-icon-list-icon\">\n\t\t\t\t\t\t\t<i aria-hidden=\"true\" class=\"fas fa-minus\"><\/i>\t\t\t\t\t\t<\/span>\n\t\t\t\t\t\t\t\t\t\t<span class=\"elementor-icon-list-text\">Mantenimiento e Instalaci\u00f3n de Redes Inform\u00e1ticas (60hr)<\/span>\n\t\t\t\t\t\t\t\t\t<\/li>\n\t\t\t\t\t\t\t\t<li class=\"elementor-icon-list-item\">\n\t\t\t\t\t\t\t\t\t\t\t<span class=\"elementor-icon-list-icon\">\n\t\t\t\t\t\t\t<i aria-hidden=\"true\" class=\"fas fa-minus\"><\/i>\t\t\t\t\t\t<\/span>\n\t\t\t\t\t\t\t\t\t\t<span class=\"elementor-icon-list-text\">Administraci\u00f3n de Redes (100hr)<\/span>\n\t\t\t\t\t\t\t\t\t<\/li>\n\t\t\t\t\t\t<\/ul>\n\t\t\t\t\t\t<\/div>\n\t\t\t\t<\/div>\n\t\t\t\t\t<\/div>\n\t\t<\/div>\n\t\t\t\t\t<\/div>\n\t\t<\/section>\n\t\t\t\t\t<\/div>\n\t\t<\/div>\n\t\t\t\t\t<\/div>\n\t\t<\/section>\n\t\t\t\t<section class=\"elementor-section elementor-top-section elementor-element elementor-element-8777026 elementor-section-boxed elementor-section-height-default elementor-section-height-default wpr-particle-no wpr-jarallax-no wpr-parallax-no wpr-sticky-section-no\" data-id=\"8777026\" data-element_type=\"section\">\n\t\t\t\t\t\t<div class=\"elementor-container elementor-column-gap-default\">\n\t\t\t\t\t<div class=\"elementor-column elementor-col-100 elementor-top-column elementor-element elementor-element-0adcc03\" data-id=\"0adcc03\" data-element_type=\"column\">\n\t\t\t<div class=\"elementor-widget-wrap elementor-element-populated\">\n\t\t\t\t\t\t<div class=\"elementor-element elementor-element-7e8e11e elementor-align-left elementor-invisible elementor-widget elementor-widget-button\" data-id=\"7e8e11e\" data-element_type=\"widget\" data-settings=\"{&quot;_animation&quot;:&quot;fadeIn&quot;,&quot;_animation_delay&quot;:2000}\" data-widget_type=\"button.default\">\n\t\t\t\t<div class=\"elementor-widget-container\">\n\t\t\t\t\t\t\t\t\t<div class=\"elementor-button-wrapper\">\n\t\t\t\t\t<a class=\"elementor-button elementor-button-link elementor-size-sm\" href=\"https:\/\/politecnicomisiones.edu.ar\/paginainstitucional\">\n\t\t\t\t\t\t<span class=\"elementor-button-content-wrapper\">\n\t\t\t\t\t\t\t\t\t<span class=\"elementor-button-text\">Volver<\/span>\n\t\t\t\t\t<\/span>\n\t\t\t\t\t<\/a>\n\t\t\t\t<\/div>\n\t\t\t\t\t\t\t\t<\/div>\n\t\t\t\t<\/div>\n\t\t\t\t\t<\/div>\n\t\t<\/div>\n\t\t\t\t\t<\/div>\n\t\t<\/section>\n\t\t\t\t<\/div>\n\t\t","protected":false},"excerpt":{"rendered":"<p>Perfil del profesional El instalador y administrador de redes inform\u00e1ticas alude al con junto de actividades en las que el profesional puede demostrar, una vez que ha logrado su certificaci\u00f3n, los conocimientos adquiridos sobre su profesi\u00f3n. Este perfil involucra un conjunto de competencias espec\u00edficas de instalaci\u00f3n, mantenimiento y administraci\u00f3n de redes de datos dentro del sector profesional de Inform\u00e1tica. Se articula en torno a n\u00facleos curriculares a partir de las demandas socio productivas del sector y de la realidad del medio industrial y de servicios. Est\u00e1 capacitado para prestar servicios relacionados con el manejo de datos, accesibilidad e interconectividad en instalaciones domiciliarias y\/o comerciales. Est\u00e1 en condiciones de interpretar los requerimientos del usuario, relevar el sistema existente, verificar el funcionamiento de los equipos existentes para analizar las fallas y\/o modificaciones necesarias que respondan a las solicitudes del usuario.Est\u00e1 capacitado para seleccionar los equipos, instalarlos y configurarlos dentro de la red, realizando el montaje correspondiente y verificando el funcionamiento correcto del sistema. Este profesional tiene capacidad para gestionar en forma aut\u00f3noma un emprendimiento para\u00a0 la prestaci\u00f3n de servicios relacionados con la instalaci\u00f3n, el mantenimiento y la administraci\u00f3n de redes inform\u00e1ticas, sabiendo determinar en qu\u00e9 situaciones debe recurrir a los servicios de otros profesionales. Posee responsabilidad sobre su propio aprendizaje y trabajo, as\u00ed como del trabajo de otros eventualmente a su cargo.\u00a0 Funciones que ejerce el profesional: Instalar y configurar equipos y software est\u00e1ndar en redes inform\u00e1ticas sobre pisos tecnol\u00f3gicos de empresas u organismos de servicios. Realizar diagn\u00f3sticos en componentes, equipos y software asociado en redes inform\u00e1ticas sobre pisos tecnol\u00f3gicos de empresas u organismos de servicios. Realizar los mantenimientos predictivo preventivo, funcional operativo y correctivo de componentes, equipos y software asociado en redes sobre pisos tecnol\u00f3gicos de empresas u organismos de servicios. Actualizar y controlar componentes, equipos y software en redes inform\u00e1ticas sobre pisos tecnol\u00f3gicos de empresas u organismos de servicios optimizando su rendimiento. Asesorar sobre componentes, equipos y productos est\u00e1ndar para redes inform\u00e1ticas sobre pisos tecnol\u00f3gicos de empresas u organismos de servicios. Organizar y gestionar la prestaci\u00f3n de servicios profesionales. Gestionar los recursos de red verificando el funcionamiento eficiente de la misma procurando alcanzar los objetivos de calidad de servicio. Mantener el control operacional de la red actualizando tanto el software como el hardware de la misma, como as\u00ed tambi\u00e9n la gesti\u00f3n de reportes y los protocolos de seguridad. M\u00f3dulos Tipo de certificaci\u00f3n: Certificado de Formaci\u00f3n Profesional Inicial Total de horas del Trayecto Curricular: 360\u00a0Horas Reloj. Organizaci\u00f3n del Computador (128hr) Tecnolog\u00eda de Redes (48hr) Relaciones Laborales y Orientaci\u00f3n Profresional (24hr) Mantenimiento e Instalaci\u00f3n de Redes Inform\u00e1ticas (60hr) Administraci\u00f3n de Redes (100hr) Volver<\/p>\n","protected":false},"author":3,"featured_media":0,"parent":0,"menu_order":0,"comment_status":"closed","ping_status":"closed","template":"elementor_header_footer","meta":{"om_disable_all_campaigns":false,"footnotes":""},"aioseo_notices":[],"_links":{"self":[{"href":"https:\/\/politecnicomisiones.edu.ar\/paginainstitucional\/wp-json\/wp\/v2\/pages\/1248"}],"collection":[{"href":"https:\/\/politecnicomisiones.edu.ar\/paginainstitucional\/wp-json\/wp\/v2\/pages"}],"about":[{"href":"https:\/\/politecnicomisiones.edu.ar\/paginainstitucional\/wp-json\/wp\/v2\/types\/page"}],"author":[{"embeddable":true,"href":"https:\/\/politecnicomisiones.edu.ar\/paginainstitucional\/wp-json\/wp\/v2\/users\/3"}],"replies":[{"embeddable":true,"href":"https:\/\/politecnicomisiones.edu.ar\/paginainstitucional\/wp-json\/wp\/v2\/comments?post=1248"}],"version-history":[{"count":28,"href":"https:\/\/politecnicomisiones.edu.ar\/paginainstitucional\/wp-json\/wp\/v2\/pages\/1248\/revisions"}],"predecessor-version":[{"id":1599,"href":"https:\/\/politecnicomisiones.edu.ar\/paginainstitucional\/wp-json\/wp\/v2\/pages\/1248\/revisions\/1599"}],"wp:attachment":[{"href":"https:\/\/politecnicomisiones.edu.ar\/paginainstitucional\/wp-json\/wp\/v2\/media?parent=1248"}],"curies":[{"name":"wp","href":"https:\/\/api.w.org\/{rel}","templated":true}]}}